{"id":1431,"date":"2020-12-05T08:22:33","date_gmt":"2020-12-05T10:22:33","guid":{"rendered":"https:\/\/saaemb.sp.gov.br\/?page_id=1431"},"modified":"2026-01-14T17:34:14","modified_gmt":"2026-01-14T17:34:14","slug":"informacoes-e-servicos","status":"publish","type":"page","link":"https:\/\/saaemb.sp.gov.br\/index.php\/informacoes-e-servicos\/","title":{"rendered":"Informa\u00e7\u00f5es e Servi\u00e7os"},"content":{"rendered":"<p>[vc_row][vc_column][vc_column_text]<\/p>\n<figure class=\"wp-block-table\">\n<table style=\"height: 413px;\" width=\"431\">\n<tbody>\n<tr>\n<td>\u00a0<\/td>\n<td class=\"has-text-align-center\" data-align=\"center\"><img decoding=\"async\" width=\"90\" height=\"89\" class=\"wp-image-837 aligncenter lazyload\" style=\"width: 90px;\" src=\"data:image\/gif;base64,R0lGODlhAQABAAAAACH5BAEKAAEALAAAAAABAAEAAAICTAEAOw==\" data-src=\"https:\/\/saaemb.sp.gov.br\/wp-content\/uploads\/2017\/02\/icon-2viaconta-1.jpg\" alt=\"\" data-sizes=\"auto\" data-srcset=\"https:\/\/saaemb.sp.gov.br\/wp-content\/uploads\/2017\/02\/icon-2viaconta-1.jpg 90w, https:\/\/saaemb.sp.gov.br\/wp-content\/uploads\/2017\/02\/icon-2viaconta-1-20x20.jpg 20w\" sizes=\"(max-width: 90px) 100vw, 90px\" \/><\/td>\n<td><a href=\"http:\/\/saaemb.duckdns.org:8180\/saneamento\/com.asp.saneamento.externo.wpconsultadebitoext\">Emiss\u00e3o de 2a via de Conta ON-LINE<\/a><\/td>\n<\/tr>\n<tr>\n<td>\u00a0<\/td>\n<td class=\"has-text-align-center\" data-align=\"center\"><img decoding=\"async\" class=\"wp-image-837 aligncenter lazyload\" style=\"width: 90px;\" src=\"data:image\/gif;base64,R0lGODlhAQABAAAAACH5BAEKAAEALAAAAAABAAEAAAICTAEAOw==\" data-src=\"https:\/\/saaemb.sp.gov.br\/wp-content\/uploads\/2023\/09\/certidao-2-1.png\" alt=\"\" \/><\/td>\n<td><a href=\" http:\/\/saaemb.duckdns.org:8180\/saneamento\/com.asp.saneamento.externo.wpcertidaodebitoext\">Certid\u00e3o de D\u00e9bitos(Negativa)<\/a><\/td>\n<\/tr>\n<tr>\n<td>\u00a0<\/td>\n<td class=\"has-text-align-center\" data-align=\"center\"><img decoding=\"async\" class=\"wp-image-837 aligncenter lazyload\" style=\"width: 50px; height: 50px;\" src=\"data:image\/gif;base64,R0lGODlhAQABAAAAACH5BAEKAAEALAAAAAABAAEAAAICTAEAOw==\" data-src=\"https:\/\/saaemb.sp.gov.br\/wp-content\/uploads\/2023\/09\/AutenticationDoc-1.png\" alt=\"\" \/><\/td>\n<td><a href=\"http:\/\/saaemb.duckdns.org:8180\/saneamento\/com.asp.saneamento.externo.wpautenticadocumentoext\">Autentica\u00e7\u00e3o de Documentos<\/a><\/td>\n<\/tr>\n<tr>\n<td>\u00a0<\/td>\n<td class=\"has-text-align-center\" data-align=\"center\"><img decoding=\"async\" width=\"90\" height=\"89\" class=\"wp-image-838 lazyload\" style=\"width: 90px;\" src=\"data:image\/gif;base64,R0lGODlhAQABAAAAACH5BAEKAAEALAAAAAABAAEAAAICTAEAOw==\" data-src=\"https:\/\/saaemb.sp.gov.br\/wp-content\/uploads\/2017\/02\/icon-conta-1.jpg\" alt=\"\" data-sizes=\"auto\" data-srcset=\"https:\/\/saaemb.sp.gov.br\/wp-content\/uploads\/2017\/02\/icon-conta-1.jpg 90w, https:\/\/saaemb.sp.gov.br\/wp-content\/uploads\/2017\/02\/icon-conta-1-20x20.jpg 20w\" sizes=\"(max-width: 90px) 100vw, 90px\" \/><\/td>\n<td><a href=\"https:\/\/saaemb.sp.gov.br\/index.php\/conheca-sua-conta-de-agua-e-esgoto\/\">Conhe\u00e7a sua Conta de \u00c1gua e Esgoto<\/a><\/td>\n<\/tr>\n<tr>\n<td>\u00a0<\/td>\n<td class=\"has-text-align-center\" data-align=\"center\"><img decoding=\"async\" width=\"90\" height=\"89\" class=\"wp-image-840 lazyload\" style=\"width: 90px;\" src=\"data:image\/gif;base64,R0lGODlhAQABAAAAACH5BAEKAAEALAAAAAABAAEAAAICTAEAOw==\" data-src=\"https:\/\/saaemb.sp.gov.br\/wp-content\/uploads\/2017\/02\/icon-tarifas-1.jpg\" alt=\"\" data-sizes=\"auto\" data-srcset=\"https:\/\/saaemb.sp.gov.br\/wp-content\/uploads\/2017\/02\/icon-tarifas-1.jpg 90w, https:\/\/saaemb.sp.gov.br\/wp-content\/uploads\/2017\/02\/icon-tarifas-1-20x20.jpg 20w\" sizes=\"(max-width: 90px) 100vw, 90px\" \/><\/td>\n<td>\n<p>\u00a0<a href=\"https:\/\/saaemb.sp.gov.br\/index.php\/tarifas-de-agua-e-esgoto\/\">Tarifas de \u00c1gua e Esgoto<\/a><\/p>\n<p>&nbsp;<\/p>\n<\/td>\n<\/tr>\n<tr>\n<td>\u00a0<\/td>\n<td class=\"has-text-align-center\" data-align=\"center\"><img loading=\"lazy\" decoding=\"async\" width=\"90\" height=\"89\" class=\"wp-image-839 lazyload\" style=\"width: 90px;\" src=\"data:image\/gif;base64,R0lGODlhAQABAAAAACH5BAEKAAEALAAAAAABAAEAAAICTAEAOw==\" data-src=\"https:\/\/saaemb.sp.gov.br\/wp-content\/uploads\/2017\/02\/icon-ligacaoagua-1.jpg\" alt=\"\" data-sizes=\"auto\" data-srcset=\"https:\/\/saaemb.sp.gov.br\/wp-content\/uploads\/2017\/02\/icon-ligacaoagua-1.jpg 90w, https:\/\/saaemb.sp.gov.br\/wp-content\/uploads\/2017\/02\/icon-ligacaoagua-1-20x20.jpg 20w\" sizes=\"(max-width: 90px) 100vw, 90px\" \/><\/td>\n<td><a href=\"https:\/\/saaemb.sp.gov.br\/index.php\/ligacao-de-agua\/\">Informa\u00e7\u00f5es sobre padr\u00f5es de liga\u00e7\u00e3o de \u00e1gua<\/a><\/td>\n<\/tr>\n<\/tbody>\n<\/table>\n<p>&nbsp;<\/p>\n<\/figure>\n<p>\u00a0<\/p>\n<p>[\/vc_column_text][\/vc_column][\/vc_row]<\/p>\n","protected":false},"excerpt":{"rendered":"<p>[vc_row][vc_column][vc_column_text] \u00a0 Emiss\u00e3o de 2a via de Conta ON-LINE \u00a0 Certid\u00e3o de D\u00e9bitos(Negativa) \u00a0 Autentica\u00e7\u00e3o de Documentos \u00a0 Conhe\u00e7a sua Conta de \u00c1gua e Esgoto \u00a0 \u00a0Tarifas de \u00c1gua e Esgoto &nbsp; \u00a0 Informa\u00e7\u00f5es sobre padr\u00f5es de liga\u00e7\u00e3o de \u00e1gua &nbsp; \u00a0 [\/vc_column_text][\/vc_column][\/vc_row]<\/p>\n","protected":false},"author":1,"featured_media":0,"parent":0,"menu_order":0,"comment_status":"closed","ping_status":"closed","template":"","meta":{"footnotes":""},"class_list":["post-1431","page","type-page","status-publish","hentry"],"_links":{"self":[{"href":"https:\/\/saaemb.sp.gov.br\/index.php\/wp-json\/wp\/v2\/pages\/1431","targetHints":{"allow":["GET"]}}],"collection":[{"href":"https:\/\/saaemb.sp.gov.br\/index.php\/wp-json\/wp\/v2\/pages"}],"about":[{"href":"https:\/\/saaemb.sp.gov.br\/index.php\/wp-json\/wp\/v2\/types\/page"}],"author":[{"embeddable":true,"href":"https:\/\/saaemb.sp.gov.br\/index.php\/wp-json\/wp\/v2\/users\/1"}],"replies":[{"embeddable":true,"href":"https:\/\/saaemb.sp.gov.br\/index.php\/wp-json\/wp\/v2\/comments?post=1431"}],"version-history":[{"count":1,"href":"https:\/\/saaemb.sp.gov.br\/index.php\/wp-json\/wp\/v2\/pages\/1431\/revisions"}],"predecessor-version":[{"id":2082,"href":"https:\/\/saaemb.sp.gov.br\/index.php\/wp-json\/wp\/v2\/pages\/1431\/revisions\/2082"}],"wp:attachment":[{"href":"https:\/\/saaemb.sp.gov.br\/index.php\/wp-json\/wp\/v2\/media?parent=1431"}],"curies":[{"name":"wp","href":"https:\/\/api.w.org\/{rel}","templated":true}]}}