{"id":1436,"date":"2020-12-05T08:30:42","date_gmt":"2020-12-05T10:30:42","guid":{"rendered":"https:\/\/saaemb.sp.gov.br\/?page_id=1436"},"modified":"2026-01-14T17:34:14","modified_gmt":"2026-01-14T17:34:14","slug":"ligacao-de-agua","status":"publish","type":"page","link":"https:\/\/saaemb.sp.gov.br\/index.php\/ligacao-de-agua\/","title":{"rendered":"Liga\u00e7\u00e3o de \u00c1gua"},"content":{"rendered":"\n<div class=\"wp-block-image\">\n<figure class=\"alignleft\"><img fetchpriority=\"high\" decoding=\"async\" class=\"alignnone wp-image-2045 size-large lazyload\" src=\"data:image\/gif;base64,R0lGODlhAQABAAAAACH5BAEKAAEALAAAAAABAAEAAAICTAEAOw==\" data-src=\"https:\/\/saaemb.sp.gov.br\/wp-content\/uploads\/2025\/07\/SAEEMB_INSTALL_PADRAO-1024x727.jpeg\" alt=\"\" width=\"1010\" height=\"717\" \/><\/figure>\n<\/div>\n\n","protected":false},"excerpt":{"rendered":"","protected":false},"author":1,"featured_media":0,"parent":0,"menu_order":0,"comment_status":"closed","ping_status":"closed","template":"","meta":{"footnotes":""},"class_list":["post-1436","page","type-page","status-publish","hentry"],"_links":{"self":[{"href":"https:\/\/saaemb.sp.gov.br\/index.php\/wp-json\/wp\/v2\/pages\/1436","targetHints":{"allow":["GET"]}}],"collection":[{"href":"https:\/\/saaemb.sp.gov.br\/index.php\/wp-json\/wp\/v2\/pages"}],"about":[{"href":"https:\/\/saaemb.sp.gov.br\/index.php\/wp-json\/wp\/v2\/types\/page"}],"author":[{"embeddable":true,"href":"https:\/\/saaemb.sp.gov.br\/index.php\/wp-json\/wp\/v2\/users\/1"}],"replies":[{"embeddable":true,"href":"https:\/\/saaemb.sp.gov.br\/index.php\/wp-json\/wp\/v2\/comments?post=1436"}],"version-history":[{"count":1,"href":"https:\/\/saaemb.sp.gov.br\/index.php\/wp-json\/wp\/v2\/pages\/1436\/revisions"}],"predecessor-version":[{"id":2083,"href":"https:\/\/saaemb.sp.gov.br\/index.php\/wp-json\/wp\/v2\/pages\/1436\/revisions\/2083"}],"wp:attachment":[{"href":"https:\/\/saaemb.sp.gov.br\/index.php\/wp-json\/wp\/v2\/media?parent=1436"}],"curies":[{"name":"wp","href":"https:\/\/api.w.org\/{rel}","templated":true}]}}