{"id":1438,"date":"2020-12-05T08:34:29","date_gmt":"2020-12-05T10:34:29","guid":{"rendered":"https:\/\/saaemb.sp.gov.br\/?page_id=1438"},"modified":"2026-01-14T17:29:48","modified_gmt":"2026-01-14T17:29:48","slug":"tarifas-de-agua-e-esgoto","status":"publish","type":"page","link":"https:\/\/saaemb.sp.gov.br\/index.php\/tarifas-de-agua-e-esgoto\/","title":{"rendered":"Tarifas de \u00e1gua e esgoto"},"content":{"rendered":"\n<figure class=\"wp-block-table\">\n<table>\n<tbody>\n<tr>\n<td>\u00a0<\/td>\n<\/tr>\n<\/tbody>\n<\/table>\n<\/figure>\n\n\n\n<figure class=\"wp-block-image size-large\"><img decoding=\"async\" src=\"data:image\/gif;base64,R0lGODlhAQABAAAAACH5BAEKAAEALAAAAAABAAEAAAICTAEAOw==\" data-src=\"http:\/\/www.saaemb.sp.gov.br\/site\/wp-content\/uploads\/2017\/03\/DICAS-ECONOMIA.jpg\" alt=\"\" class=\"lazyload\" \/><\/figure>\n\n\n\n<div class=\"wp-block-file\"><br \/><a href=\"https:\/\/saaemb.sp.gov.br\/wp-content\/uploads\/2025\/01\/Tabela-de-Servicos-2025-01-1.pdf\">TABELA-DE-SERVICOS-CLIQUE-AQUIBaixar<\/a><\/div>\n\n\n\n<p>&nbsp;<\/p>\n\n\n\n<p><strong>Dicas de Economia de \u00e1gua<\/strong><\/p>\n\n\n\n<p>1. Reutilize a \u00e1gua sempre que poss\u00edvel. Depois que usada para lavar roupa, ainda pode ser usada para lavar cal\u00e7adas, por exemplo.<\/p>\n\n\n\n<p>2. Opte por lavar as cal\u00e7adas com balde, e n\u00e3o mangueira.<\/p>\n\n\n\n<p>3. Quando for construir ou reformar a casa, opte por sistemas que ajudem a evitar o desperd\u00edcio, como a reutiliza\u00e7\u00e3o da \u00e1gua do banho para a descarga ou espa\u00e7os para armazenamento da \u00e1gua da chuva. A \u00e1gua captada pode ser usada para a limpeza de carros e cal\u00e7adas e para a irriga\u00e7\u00e3o de jardins. Opte tamb\u00e9m por vasos sanit\u00e1rios que tenham duas op\u00e7\u00f5es de descarga.<\/p>\n\n\n\n<p>4. Lembre que voc\u00ea n\u00e3o usa apenas a \u00e1gua que consumida diretamente para beber, cozinhar ou limpar \u2013 todos os produtos que voc\u00ea usa foram produzidos com consumo de \u00e1gua. Tente pesquisar os n\u00fameros e opte por aqueles t\u00eam um impacto menos e consuma apenas quando necess\u00e1rio. Esse consumo de \u00e1gua se chama Pegada H\u00eddrica.<\/p>\n\n\n\n<p>5. Economize \u00e1gua no dia-a-dia. Mantenha a torneira e o chuveiro fechados enquanto escova os dentes e se ensaboa no banho. O mesmo vale para lavar a lou\u00e7a.<\/p>\n\n\n\n<p>6. Verifique os vazamentos da sua casa, tanto em canos como em torneiras. Fazer consertos e manuten\u00e7\u00e3o regulares evita o desperd\u00edcio de \u00e1gua. <strong>Observa\u00e7\u00e3o: Os pre\u00e7os acima, referem\u2013se somente ao custo de m\u00e3o de obra, pois o SAAEMB, n\u00e3o fornece material para realiza\u00e7\u00e3o de qualquer dos servi\u00e7os prestados.<\/strong><\/p>\n\n\n\n<p>7. Cuidado com o tempo que fica no banho.<\/p>\n\n\n\n<p>8. Fa\u00e7a uma limpeza pr\u00e9via das lou\u00e7as, retirando o m\u00e1ximo de res\u00edduos s\u00f3lidos antes do momento de lavar.<\/p>\n\n\n\n<p>9. Utilize a m\u00e1quina de lavar lou\u00e7as ou a de roupa apenas quando estiverem com a capacidade m\u00e1xima. Quando n\u00e3o for poss\u00edvel, regule o n\u00edvel de \u00e1gua que ser\u00e1 usado.<\/p>\n\n\n\n<p>10. Fa\u00e7a o controle da utiliza\u00e7\u00e3o de \u00e1gua pela conta mensal. Aumentos significativos e repentinos podem representar um vazamento. Al\u00e9m disso, \u00e9 poss\u00edvel ver se medidas de racionamento est\u00e3o surtindo efeito..<\/p>\n\n","protected":false},"excerpt":{"rendered":"<p>\u00a0 &nbsp; Dicas de Economia de \u00e1gua 1. Reutilize a \u00e1gua sempre que poss\u00edvel. Depois que usada para lavar roupa, ainda pode ser usada para lavar cal\u00e7adas, por exemplo. 2. Opte por lavar as cal\u00e7adas com balde, e n\u00e3o mangueira. 3. Quando for construir ou reformar a casa, opte por sistemas que ajudem a evitar [&hellip;]<\/p>\n","protected":false},"author":1,"featured_media":0,"parent":0,"menu_order":0,"comment_status":"closed","ping_status":"closed","template":"","meta":{"footnotes":""},"class_list":["post-1438","page","type-page","status-publish","hentry"],"_links":{"self":[{"href":"https:\/\/saaemb.sp.gov.br\/index.php\/wp-json\/wp\/v2\/pages\/1438","targetHints":{"allow":["GET"]}}],"collection":[{"href":"https:\/\/saaemb.sp.gov.br\/index.php\/wp-json\/wp\/v2\/pages"}],"about":[{"href":"https:\/\/saaemb.sp.gov.br\/index.php\/wp-json\/wp\/v2\/types\/page"}],"author":[{"embeddable":true,"href":"https:\/\/saaemb.sp.gov.br\/index.php\/wp-json\/wp\/v2\/users\/1"}],"replies":[{"embeddable":true,"href":"https:\/\/saaemb.sp.gov.br\/index.php\/wp-json\/wp\/v2\/comments?post=1438"}],"version-history":[{"count":1,"href":"https:\/\/saaemb.sp.gov.br\/index.php\/wp-json\/wp\/v2\/pages\/1438\/revisions"}],"predecessor-version":[{"id":2084,"href":"https:\/\/saaemb.sp.gov.br\/index.php\/wp-json\/wp\/v2\/pages\/1438\/revisions\/2084"}],"wp:attachment":[{"href":"https:\/\/saaemb.sp.gov.br\/index.php\/wp-json\/wp\/v2\/media?parent=1438"}],"curies":[{"name":"wp","href":"https:\/\/api.w.org\/{rel}","templated":true}]}}