{"id":1440,"date":"2020-12-05T08:36:41","date_gmt":"2020-12-05T10:36:41","guid":{"rendered":"https:\/\/saaemb.sp.gov.br\/?page_id=1440"},"modified":"2026-01-14T17:34:14","modified_gmt":"2026-01-14T17:34:14","slug":"conheca-sua-conta-de-agua-e-esgoto","status":"publish","type":"page","link":"https:\/\/saaemb.sp.gov.br\/index.php\/conheca-sua-conta-de-agua-e-esgoto\/","title":{"rendered":"Conhe\u00e7a sua conta de \u00e1gua e esgoto"},"content":{"rendered":"\n<figure class=\"wp-block-table is-style-regular\"><table><tbody><tr><td><img fetchpriority=\"high\" decoding=\"async\" src=\"data:image\/gif;base64,R0lGODlhAQABAAAAACH5BAEKAAEALAAAAAABAAEAAAICTAEAOw==\" data-src=\"http:\/\/www.saaemb.sp.gov.br\/site\/wp-content\/uploads\/2017\/03\/sua-conta.jpg\" alt=\"sua-conta\" width=\"326\" class=\"lazyload\" height=\"602\"><\/td><\/tr><\/tbody><\/table><\/figure>\n\n\n\n<ol class=\"wp-block-list\"><li>Nome e endere\u00e7o da liga\u00e7\u00e3o de \u00e1gua<\/li><li>Endere\u00e7o de entrega da conta de \u00e1gua e esgoto<\/li><li>C\u00f3digo de liga\u00e7\u00e3o<\/li><li>M\u00eas\/Ano de refer\u00eancia<\/li><li>N\u00famero da Fatura<\/li><li>Categoria<\/li><li>Descri\u00e7\u00e3o dos valores\u00a0lan\u00e7ados<\/li><li>Data da leitura anterior<\/li><li>Data da leitura atual<\/li><li>Data de Vencimento\u00a0da fatura<\/li><li>Valor total a pagar<\/li><li>Leitura anterior<\/li><li>Leitura atual<\/li><li>Consumo real de \u00e1gua em metros c\u00fabicos<\/li><li>Consumo em metros c\u00fabicos faturado<\/li><li>M\u00e9dia em metros c\u00fabicos do consumo de \u00e1gua<\/li><li>N\u00famero do Hidr\u00f4metro<\/li><li>Data de instala\u00e7\u00e3o do Hidr\u00f4metro<\/li><li>Hist\u00f3rico dos \u00faltimos 6 meses (M\u00eas, Consumo em m3, N\u00famero de dias)<\/li><li>Mensagem \u2013 Informa\u00e7\u00f5es importantes, incluindo faturas em aberto e supress\u00e3o<\/li><li>Per\u00edodo da an\u00e1lise da qualidade da \u00e1gua<\/li><li>An\u00e1lise da qualidade da \u00e1gua<\/li><li>Nome e Endere\u00e7o da liga\u00e7\u00e3o e endere\u00e7o de entrega da fatura<\/li><li>M\u00eas e Ano de refer\u00eancia<\/li><li>N\u00famero da Fatura<\/li><li>Data de Vencimento\u00a0da fatura<\/li><li>Valor total a pagar<\/li><li>C\u00f3digo de barras<\/li><\/ol>\n\n","protected":false},"excerpt":{"rendered":"<p>Nome e endere\u00e7o da liga\u00e7\u00e3o de \u00e1gua Endere\u00e7o de entrega da conta de \u00e1gua e esgoto C\u00f3digo de liga\u00e7\u00e3o M\u00eas\/Ano de refer\u00eancia N\u00famero da Fatura Categoria Descri\u00e7\u00e3o dos valores\u00a0lan\u00e7ados Data da leitura anterior Data da leitura atual Data de Vencimento\u00a0da fatura Valor total a pagar Leitura anterior Leitura atual Consumo real de \u00e1gua em metros [&hellip;]<\/p>\n","protected":false},"author":1,"featured_media":0,"parent":0,"menu_order":0,"comment_status":"closed","ping_status":"closed","template":"","meta":{"footnotes":""},"class_list":["post-1440","page","type-page","status-publish","hentry"],"_links":{"self":[{"href":"https:\/\/saaemb.sp.gov.br\/index.php\/wp-json\/wp\/v2\/pages\/1440","targetHints":{"allow":["GET"]}}],"collection":[{"href":"https:\/\/saaemb.sp.gov.br\/index.php\/wp-json\/wp\/v2\/pages"}],"about":[{"href":"https:\/\/saaemb.sp.gov.br\/index.php\/wp-json\/wp\/v2\/types\/page"}],"author":[{"embeddable":true,"href":"https:\/\/saaemb.sp.gov.br\/index.php\/wp-json\/wp\/v2\/users\/1"}],"replies":[{"embeddable":true,"href":"https:\/\/saaemb.sp.gov.br\/index.php\/wp-json\/wp\/v2\/comments?post=1440"}],"version-history":[{"count":1,"href":"https:\/\/saaemb.sp.gov.br\/index.php\/wp-json\/wp\/v2\/pages\/1440\/revisions"}],"predecessor-version":[{"id":2085,"href":"https:\/\/saaemb.sp.gov.br\/index.php\/wp-json\/wp\/v2\/pages\/1440\/revisions\/2085"}],"wp:attachment":[{"href":"https:\/\/saaemb.sp.gov.br\/index.php\/wp-json\/wp\/v2\/media?parent=1440"}],"curies":[{"name":"wp","href":"https:\/\/api.w.org\/{rel}","templated":true}]}}